{"id":134,"date":"2024-06-06T18:35:19","date_gmt":"2024-06-06T18:35:19","guid":{"rendered":"https:\/\/beatworth.com\/?page_id=134"},"modified":"2026-01-29T11:39:02","modified_gmt":"2026-01-29T11:39:02","slug":"our-story","status":"publish","type":"page","link":"https:\/\/beatworth.com\/?page_id=134","title":{"rendered":"Qui\u00e9nes Somos"},"content":{"rendered":"\t\t<div data-elementor-type=\"wp-page\" data-elementor-id=\"134\" class=\"elementor elementor-134\" data-elementor-post-type=\"page\">\n\t\t\t\t<div class=\"elementor-element elementor-element-47a8853c e-con-full e-flex e-con e-parent\" data-id=\"47a8853c\" data-element_type=\"container\">\n\t\t<div class=\"elementor-element elementor-element-17565af1 e-con-full e-flex e-con e-child\" data-id=\"17565af1\" data-element_type=\"container\" data-settings=\"{&quot;background_background&quot;:&quot;classic&quot;}\">\n\t\t\t\t<\/div>\n\t\t<div class=\"elementor-element elementor-element-8734fb e-con-full e-flex e-con e-child\" data-id=\"8734fb\" data-element_type=\"container\">\n\t\t\t\t<div class=\"elementor-element elementor-element-12836e92 elementor-widget elementor-widget-heading\" data-id=\"12836e92\" data-element_type=\"widget\" data-widget_type=\"heading.default\">\n\t\t\t\t<div class=\"elementor-widget-container\">\n\t\t\t\t\t<h6 class=\"elementor-heading-title elementor-size-default\">apoya a lo que suena<\/h6>\t\t\t\t<\/div>\n\t\t\t\t<\/div>\n\t\t\t\t<div class=\"elementor-element elementor-element-3fd0410 elementor-widget elementor-widget-heading\" data-id=\"3fd0410\" data-element_type=\"widget\" data-widget_type=\"heading.default\">\n\t\t\t\t<div class=\"elementor-widget-container\">\n\t\t\t\t\t<h1 class=\"elementor-heading-title elementor-size-default\">Qui\u00e9nes Somos<\/h1>\t\t\t\t<\/div>\n\t\t\t\t<\/div>\n\t\t\t\t<div class=\"elementor-element elementor-element-662ba29b elementor-invisible elementor-widget elementor-widget-text-editor\" data-id=\"662ba29b\" data-element_type=\"widget\" data-settings=\"{&quot;_animation&quot;:&quot;fadeIn&quot;,&quot;_animation_delay&quot;:400}\" data-widget_type=\"text-editor.default\">\n\t\t\t\t<div class=\"elementor-widget-container\">\n\t\t\t\t\t\t\t\t\t<p>Beatworth nace de una pasi\u00f3n sincera por la m\u00fasica, la innovaci\u00f3n y el deseo de transformar el futuro de los artistas. En un mundo donde el talento no siempre encuentra el respaldo econ\u00f3mico necesario para crecer, decidimos crear una plataforma que hiciera posible lo imposible: conectar a los creadores musicales con personas dispuestas a impulsar su carrera a trav\u00e9s del apoyo econ\u00f3mico directo en sus obras.<\/p><p>La idea surge en Benicasim, un peque\u00f1o pueblo costero de la provincia de Castell\u00f3n, donde siempre he cre\u00eddo que ayudar a los dem\u00e1s es una forma de construir algo m\u00e1s grande. \u00bfY qu\u00e9 mejor forma de hacerlo que a trav\u00e9s de la m\u00fasica, aquello que m\u00e1s me inspira?<\/p><p>En Beatworth, creemos que el valor de una canci\u00f3n no solo se mide en reproducciones, sino en el impacto que genera. Por eso, permitimos que los artistas emergentes puedan impulsar sus proyectos gracias al apoyo de su propia comunidad de seguidores, que reciben a cambio no solo una parte proporcional de los futuros ingresos por royalties, sino tambi\u00e9n experiencias \u00fanicas, acceso exclusivo y mucho m\u00e1s.<\/p><p>Nuestro prop\u00f3sito es claro: democratizar el acceso a la industria musical y abrir una nueva v\u00eda para que los artistas crezcan con libertad, sin depender \u00fanicamente de grandes discogr\u00e1ficas o estructuras tradicionales. Beatworth es, en esencia, una comunidad donde cada beat cuenta, y donde tu apoyo puede marcar el ritmo y el \u00e9xito de alguien con talento.<\/p>\t\t\t\t\t\t\t\t<\/div>\n\t\t\t\t<\/div>\n\t\t\t\t<\/div>\n\t\t\t\t<\/div>\n\t\t\t\t<\/div>\n\t\t","protected":false},"excerpt":{"rendered":"<p>apoya a lo que suena Qui\u00e9nes Somos Beatworth nace de una pasi\u00f3n sincera por la m\u00fasica, la innovaci\u00f3n y el deseo de transformar el futuro de los artistas. En un mundo donde el talento no siempre encuentra el respaldo econ\u00f3mico necesario para crecer, decidimos crear una plataforma que hiciera posible lo imposible: conectar a los [&hellip;]<\/p>\n","protected":false},"author":1,"featured_media":0,"parent":0,"menu_order":0,"comment_status":"closed","ping_status":"closed","template":"elementor_header_footer","meta":{"footnotes":""},"class_list":["post-134","page","type-page","status-publish","hentry"],"jetpack_sharing_enabled":true,"_links":{"self":[{"href":"https:\/\/beatworth.com\/index.php?rest_route=\/wp\/v2\/pages\/134","targetHints":{"allow":["GET"]}}],"collection":[{"href":"https:\/\/beatworth.com\/index.php?rest_route=\/wp\/v2\/pages"}],"about":[{"href":"https:\/\/beatworth.com\/index.php?rest_route=\/wp\/v2\/types\/page"}],"author":[{"embeddable":true,"href":"https:\/\/beatworth.com\/index.php?rest_route=\/wp\/v2\/users\/1"}],"replies":[{"embeddable":true,"href":"https:\/\/beatworth.com\/index.php?rest_route=%2Fwp%2Fv2%2Fcomments&post=134"}],"version-history":[{"count":41,"href":"https:\/\/beatworth.com\/index.php?rest_route=\/wp\/v2\/pages\/134\/revisions"}],"predecessor-version":[{"id":663,"href":"https:\/\/beatworth.com\/index.php?rest_route=\/wp\/v2\/pages\/134\/revisions\/663"}],"wp:attachment":[{"href":"https:\/\/beatworth.com\/index.php?rest_route=%2Fwp%2Fv2%2Fmedia&parent=134"}],"curies":[{"name":"wp","href":"https:\/\/api.w.org\/{rel}","templated":true}]}}