{"id":452,"date":"2024-12-09T08:47:30","date_gmt":"2024-12-09T08:47:30","guid":{"rendered":"https:\/\/beatworth.com\/?page_id=452"},"modified":"2026-01-08T15:59:09","modified_gmt":"2026-01-08T15:59:09","slug":"terminos-y-condiciones","status":"publish","type":"page","link":"https:\/\/beatworth.com\/?page_id=452","title":{"rendered":"T\u00e9rminos y Condiciones de Uso"},"content":{"rendered":"\t\t<div data-elementor-type=\"wp-page\" data-elementor-id=\"452\" class=\"elementor elementor-452\" data-elementor-post-type=\"page\">\n\t\t\t\t<div class=\"elementor-element elementor-element-2d25a69 e-flex e-con-boxed e-con e-parent\" data-id=\"2d25a69\" data-element_type=\"container\">\n\t\t\t\t\t<div class=\"e-con-inner\">\n\t\t\t\t<div class=\"elementor-element elementor-element-4cf7e63 elementor-widget elementor-widget-text-editor\" data-id=\"4cf7e63\" data-element_type=\"widget\" data-widget_type=\"text-editor.default\">\n\t\t\t\t<div class=\"elementor-widget-container\">\n\t\t\t\t\t\t\t\t\t<p data-renderer-start-pos=\"99\">Beatworth es un proyecto en fase beta y de desarrollo.<\/p><p data-renderer-start-pos=\"155\">La informaci\u00f3n publicada en el sitio web y en la aplicaci\u00f3n tiene car\u00e1cter meramente informativo y no constituye, en ning\u00fan caso:<\/p><ul class=\"ak-ul\" data-indent-level=\"1\"><li><p data-renderer-start-pos=\"288\">Una oferta de inversi\u00f3n<\/p><\/li><li><p data-renderer-start-pos=\"315\">Una oferta p\u00fablica de venta<\/p><\/li><li><p data-renderer-start-pos=\"346\">Asesoramiento financiero<\/p><\/li><li><p data-renderer-start-pos=\"374\">Comercializaci\u00f3n de instrumentos financieros<\/p><\/li><\/ul><p data-renderer-start-pos=\"422\">El acceso a la plataforma no implica la celebraci\u00f3n de ning\u00fan contrato ni la adquisici\u00f3n de derechos econ\u00f3micos por parte del usuario.<\/p><p data-renderer-start-pos=\"558\">Beatworth se reserva el derecho de modificar, suspender o cancelar el acceso a la plataforma o a sus funcionalidades sin previo aviso, en funci\u00f3n de la evoluci\u00f3n del proyecto.<\/p>\t\t\t\t\t\t\t\t<\/div>\n\t\t\t\t<\/div>\n\t\t\t\t\t<\/div>\n\t\t\t\t<\/div>\n\t\t\t\t<\/div>\n\t\t","protected":false},"excerpt":{"rendered":"<p>Beatworth es un proyecto en fase beta y de desarrollo. La informaci\u00f3n publicada en el sitio web y en la aplicaci\u00f3n tiene car\u00e1cter meramente informativo y no constituye, en ning\u00fan caso: Una oferta de inversi\u00f3n Una oferta p\u00fablica de venta Asesoramiento financiero Comercializaci\u00f3n de instrumentos financieros El acceso a la plataforma no implica la celebraci\u00f3n [&hellip;]<\/p>\n","protected":false},"author":1,"featured_media":0,"parent":0,"menu_order":0,"comment_status":"closed","ping_status":"closed","template":"","meta":{"footnotes":""},"class_list":["post-452","page","type-page","status-publish","hentry"],"jetpack_sharing_enabled":true,"_links":{"self":[{"href":"https:\/\/beatworth.com\/index.php?rest_route=\/wp\/v2\/pages\/452","targetHints":{"allow":["GET"]}}],"collection":[{"href":"https:\/\/beatworth.com\/index.php?rest_route=\/wp\/v2\/pages"}],"about":[{"href":"https:\/\/beatworth.com\/index.php?rest_route=\/wp\/v2\/types\/page"}],"author":[{"embeddable":true,"href":"https:\/\/beatworth.com\/index.php?rest_route=\/wp\/v2\/users\/1"}],"replies":[{"embeddable":true,"href":"https:\/\/beatworth.com\/index.php?rest_route=%2Fwp%2Fv2%2Fcomments&post=452"}],"version-history":[{"count":30,"href":"https:\/\/beatworth.com\/index.php?rest_route=\/wp\/v2\/pages\/452\/revisions"}],"predecessor-version":[{"id":565,"href":"https:\/\/beatworth.com\/index.php?rest_route=\/wp\/v2\/pages\/452\/revisions\/565"}],"wp:attachment":[{"href":"https:\/\/beatworth.com\/index.php?rest_route=%2Fwp%2Fv2%2Fmedia&parent=452"}],"curies":[{"name":"wp","href":"https:\/\/api.w.org\/{rel}","templated":true}]}}