{"id":472,"date":"2024-12-09T09:30:27","date_gmt":"2024-12-09T09:30:27","guid":{"rendered":"https:\/\/beatworth.com\/?page_id=472"},"modified":"2026-01-08T15:59:50","modified_gmt":"2026-01-08T15:59:50","slug":"politica-privacidad","status":"publish","type":"page","link":"https:\/\/beatworth.com\/?page_id=472","title":{"rendered":"Pol\u00edtica de Privacidad"},"content":{"rendered":"\t\t<div data-elementor-type=\"wp-page\" data-elementor-id=\"472\" class=\"elementor elementor-472\" data-elementor-post-type=\"page\">\n\t\t\t\t<div class=\"elementor-element elementor-element-b3401f2 e-flex e-con-boxed e-con e-parent\" data-id=\"b3401f2\" data-element_type=\"container\">\n\t\t\t\t\t<div class=\"e-con-inner\">\n\t\t\t\t<div class=\"elementor-element elementor-element-ba3c0ad elementor-widget elementor-widget-text-editor\" data-id=\"ba3c0ad\" data-element_type=\"widget\" data-widget_type=\"text-editor.default\">\n\t\t\t\t<div class=\"elementor-widget-container\">\n\t\t\t\t\t\t\t\t\t<p data-start=\"382\" data-end=\"585\">En cumplimiento de lo dispuesto en el Reglamento (UE) 2016\/679, General de Protecci\u00f3n de Datos (RGPD), y la normativa vigente en materia de protecci\u00f3n de datos, se informa a los usuarios de lo siguiente:<\/p><h3 data-start=\"587\" data-end=\"623\">1. Responsable del tratamiento<\/h3><p data-start=\"624\" data-end=\"726\"><strong data-start=\"624\" data-end=\"640\">Responsable:<\/strong> Joaqu\u00edn Ib\u00e1\u00f1ez Borreda<br data-start=\"663\" data-end=\"666\" \/><strong data-start=\"666\" data-end=\"701\">Correo electr\u00f3nico de contacto:<\/strong>\u00a0infobeatworth@gmail.com<\/p><p data-start=\"728\" data-end=\"877\">En tanto no se constituya una sociedad mercantil, el responsable del tratamiento de los datos personales es la persona f\u00edsica indicada anteriormente.<\/p><h3 data-start=\"1121\" data-end=\"1155\">2. Datos personales que se recogen<\/h3><p data-start=\"925\" data-end=\"1002\">A trav\u00e9s del sitio web se recogen \u00fanicamente los siguientes datos personales:<\/p><ul data-start=\"1004\" data-end=\"1061\"><li data-start=\"1004\" data-end=\"1025\"><p data-start=\"1006\" data-end=\"1025\">Nombre y apellidos (opcional)<\/p><\/li><li data-start=\"1026\" data-end=\"1061\"><p data-start=\"1028\" data-end=\"1061\">Direcci\u00f3n de correo electr\u00f3nico<\/p><\/li><\/ul><p data-start=\"1063\" data-end=\"1114\">No se recogen datos sensibles ni datos financieros.<\/p><h3 data-start=\"1121\" data-end=\"1155\">3. Finalidad del tratamiento<\/h3><p data-start=\"1156\" data-end=\"1230\">Los datos personales facilitados ser\u00e1n tratados con la \u00fanica finalidad de:<\/p><ul data-start=\"1232\" data-end=\"1479\"><li data-start=\"1232\" data-end=\"1321\"><p data-start=\"1234\" data-end=\"1321\">Gestionar la inscripci\u00f3n de los usuarios en la lista de espera del proyecto Beatworth<\/p><\/li><li data-start=\"1322\" data-end=\"1479\"><p data-start=\"1324\" data-end=\"1479\">Contactar con los usuarios para informar sobre avances del proyecto, fases beta, pruebas de la aplicaci\u00f3n o comunicaciones relacionadas con su desarrollo<\/p><\/li><\/ul><p data-start=\"1481\" data-end=\"1565\">En ning\u00fan caso los datos ser\u00e1n utilizados para fines distintos a los aqu\u00ed descritos.<\/p><h3 data-start=\"1572\" data-end=\"1607\">4. Base legal del tratamiento<\/h3><p data-start=\"1608\" data-end=\"1794\">La base legal para el tratamiento de los datos personales es el <strong data-start=\"1672\" data-end=\"1710\">consentimiento expreso del usuario<\/strong>, otorgado al completar y enviar el formulario de inscripci\u00f3n en la lista de espera.<\/p><h3 data-start=\"1801\" data-end=\"1835\">5. Conservaci\u00f3n de los datos<\/h3><p data-start=\"1836\" data-end=\"1944\">Los datos personales se conservar\u00e1n mientras el usuario no solicite su supresi\u00f3n o retire su consentimiento.<\/p><h3 data-start=\"1951\" data-end=\"1986\">6. Destinatarios de los datos<\/h3><p data-start=\"1987\" data-end=\"2093\">Los datos personales no ser\u00e1n cedidos a terceros ni comunicados a otras entidades, salvo obligaci\u00f3n legal.<\/p><h3 data-start=\"2100\" data-end=\"2133\">7. Derechos de los usuarios<\/h3><p data-start=\"2134\" data-end=\"2204\">El usuario puede ejercer en cualquier momento los siguientes derechos:<\/p><ul data-start=\"2206\" data-end=\"2323\"><li data-start=\"2206\" data-end=\"2216\"><p data-start=\"2208\" data-end=\"2216\">Acceso<\/p><\/li><li data-start=\"2217\" data-end=\"2234\"><p data-start=\"2219\" data-end=\"2234\">Rectificaci\u00f3n<\/p><\/li><li data-start=\"2235\" data-end=\"2248\"><p data-start=\"2237\" data-end=\"2248\">Supresi\u00f3n<\/p><\/li><li data-start=\"2249\" data-end=\"2279\"><p data-start=\"2251\" data-end=\"2279\">Limitaci\u00f3n del tratamiento<\/p><\/li><li data-start=\"2280\" data-end=\"2293\"><p data-start=\"2282\" data-end=\"2293\">Oposici\u00f3n<\/p><\/li><li data-start=\"2294\" data-end=\"2323\"><p data-start=\"2296\" data-end=\"2323\">Portabilidad de los datos<\/p><\/li><\/ul><p data-start=\"2325\" data-end=\"2441\">Para ejercer estos derechos, puede enviar una solicitud a la direcci\u00f3n de correo electr\u00f3nico indicada anteriormente.<\/p><h3 data-start=\"2448\" data-end=\"2477\">8. Medidas de seguridad<\/h3><p data-start=\"2478\" data-end=\"2705\">El responsable del tratamiento adopta las medidas t\u00e9cnicas y organizativas necesarias para garantizar la seguridad y confidencialidad de los datos personales, evitando su alteraci\u00f3n, p\u00e9rdida, tratamiento o acceso no autorizado.<\/p><h3 data-start=\"2712\" data-end=\"2757\">9. Cambios en la pol\u00edtica de privacidad<\/h3><p data-start=\"2758\" data-end=\"2942\">La presente pol\u00edtica de privacidad podr\u00e1 ser actualizada en funci\u00f3n de cambios legales o del desarrollo del proyecto. Cualquier modificaci\u00f3n ser\u00e1 debidamente comunicada a los usuarios.<\/p>\t\t\t\t\t\t\t\t<\/div>\n\t\t\t\t<\/div>\n\t\t\t\t\t<\/div>\n\t\t\t\t<\/div>\n\t\t\t\t<\/div>\n\t\t","protected":false},"excerpt":{"rendered":"<p>En cumplimiento de lo dispuesto en el Reglamento (UE) 2016\/679, General de Protecci\u00f3n de Datos (RGPD), y la normativa vigente en materia de protecci\u00f3n de datos, se informa a los usuarios de lo siguiente: 1. Responsable del tratamiento Responsable: Joaqu\u00edn Ib\u00e1\u00f1ez BorredaCorreo electr\u00f3nico de contacto:\u00a0infobeatworth@gmail.com En tanto no se constituya una sociedad mercantil, el responsable [&hellip;]<\/p>\n","protected":false},"author":1,"featured_media":0,"parent":0,"menu_order":0,"comment_status":"closed","ping_status":"closed","template":"","meta":{"footnotes":""},"class_list":["post-472","page","type-page","status-publish","hentry"],"jetpack_sharing_enabled":true,"_links":{"self":[{"href":"https:\/\/beatworth.com\/index.php?rest_route=\/wp\/v2\/pages\/472","targetHints":{"allow":["GET"]}}],"collection":[{"href":"https:\/\/beatworth.com\/index.php?rest_route=\/wp\/v2\/pages"}],"about":[{"href":"https:\/\/beatworth.com\/index.php?rest_route=\/wp\/v2\/types\/page"}],"author":[{"embeddable":true,"href":"https:\/\/beatworth.com\/index.php?rest_route=\/wp\/v2\/users\/1"}],"replies":[{"embeddable":true,"href":"https:\/\/beatworth.com\/index.php?rest_route=%2Fwp%2Fv2%2Fcomments&post=472"}],"version-history":[{"count":11,"href":"https:\/\/beatworth.com\/index.php?rest_route=\/wp\/v2\/pages\/472\/revisions"}],"predecessor-version":[{"id":568,"href":"https:\/\/beatworth.com\/index.php?rest_route=\/wp\/v2\/pages\/472\/revisions\/568"}],"wp:attachment":[{"href":"https:\/\/beatworth.com\/index.php?rest_route=%2Fwp%2Fv2%2Fmedia&parent=472"}],"curies":[{"name":"wp","href":"https:\/\/api.w.org\/{rel}","templated":true}]}}