{"id":536,"date":"2026-01-08T15:37:55","date_gmt":"2026-01-08T15:37:55","guid":{"rendered":"https:\/\/beatworth.com\/?page_id=536"},"modified":"2026-01-08T15:39:46","modified_gmt":"2026-01-08T15:39:46","slug":"elementor-536","status":"publish","type":"page","link":"https:\/\/beatworth.com\/?page_id=536","title":{"rendered":"Aviso Legal"},"content":{"rendered":"\t\t<div data-elementor-type=\"wp-page\" data-elementor-id=\"536\" class=\"elementor elementor-536\" data-elementor-post-type=\"page\">\n\t\t\t\t<div class=\"elementor-element elementor-element-4f0ec40 e-flex e-con-boxed e-con e-parent\" data-id=\"4f0ec40\" data-element_type=\"container\">\n\t\t\t\t\t<div class=\"e-con-inner\">\n\t\t\t\t<div class=\"elementor-element elementor-element-02e8823 elementor-widget elementor-widget-text-editor\" data-id=\"02e8823\" data-element_type=\"widget\" data-widget_type=\"text-editor.default\">\n\t\t\t\t<div class=\"elementor-widget-container\">\n\t\t\t\t\t\t\t\t\t<p data-renderer-start-pos=\"14\">En cumplimiento de la Ley 34\/2002, de Servicios de la Sociedad de la Informaci\u00f3n y de Comercio Electr\u00f3nico (LSSI-CE), se informa a los usuarios de los siguientes datos:<\/p><p data-renderer-start-pos=\"184\"><strong data-renderer-mark=\"true\">Titular del sitio web:<\/strong> Joaqu\u00edn Ib\u00e1\u00f1ez Borreda<br \/><strong data-renderer-mark=\"true\">Correo electr\u00f3nico de contacto:<\/strong> infobeatworth@gmail.com<br \/><strong data-renderer-mark=\"true\">Actividad:<\/strong> Plataforma digital en fase de desarrollo (proyecto Beatworth)<br \/><strong data-renderer-mark=\"true\">\u00c1mbito territorial:<\/strong> Espa\u00f1a<\/p><p data-renderer-start-pos=\"386\">El acceso y uso del sitio web atribuye la condici\u00f3n de usuario e implica la aceptaci\u00f3n de las condiciones recogidas en el presente aviso legal.<\/p>\t\t\t\t\t\t\t\t<\/div>\n\t\t\t\t<\/div>\n\t\t\t\t\t<\/div>\n\t\t\t\t<\/div>\n\t\t\t\t<\/div>\n\t\t","protected":false},"excerpt":{"rendered":"<p>En cumplimiento de la Ley 34\/2002, de Servicios de la Sociedad de la Informaci\u00f3n y de Comercio Electr\u00f3nico (LSSI-CE), se informa a los usuarios de los siguientes datos: Titular del sitio web: Joaqu\u00edn Ib\u00e1\u00f1ez BorredaCorreo electr\u00f3nico de contacto: infobeatworth@gmail.comActividad: Plataforma digital en fase de desarrollo (proyecto Beatworth)\u00c1mbito territorial: Espa\u00f1a El acceso y uso del sitio [&hellip;]<\/p>\n","protected":false},"author":1,"featured_media":0,"parent":0,"menu_order":0,"comment_status":"closed","ping_status":"closed","template":"","meta":{"footnotes":""},"class_list":["post-536","page","type-page","status-publish","hentry"],"jetpack_sharing_enabled":true,"_links":{"self":[{"href":"https:\/\/beatworth.com\/index.php?rest_route=\/wp\/v2\/pages\/536","targetHints":{"allow":["GET"]}}],"collection":[{"href":"https:\/\/beatworth.com\/index.php?rest_route=\/wp\/v2\/pages"}],"about":[{"href":"https:\/\/beatworth.com\/index.php?rest_route=\/wp\/v2\/types\/page"}],"author":[{"embeddable":true,"href":"https:\/\/beatworth.com\/index.php?rest_route=\/wp\/v2\/users\/1"}],"replies":[{"embeddable":true,"href":"https:\/\/beatworth.com\/index.php?rest_route=%2Fwp%2Fv2%2Fcomments&post=536"}],"version-history":[{"count":8,"href":"https:\/\/beatworth.com\/index.php?rest_route=\/wp\/v2\/pages\/536\/revisions"}],"predecessor-version":[{"id":544,"href":"https:\/\/beatworth.com\/index.php?rest_route=\/wp\/v2\/pages\/536\/revisions\/544"}],"wp:attachment":[{"href":"https:\/\/beatworth.com\/index.php?rest_route=%2Fwp%2Fv2%2Fmedia&parent=536"}],"curies":[{"name":"wp","href":"https:\/\/api.w.org\/{rel}","templated":true}]}}